{"id":20657,"date":"2025-05-14T18:47:07","date_gmt":"2025-05-14T17:47:07","guid":{"rendered":"https:\/\/www.siarva.com\/communiques-de-presse\/"},"modified":"2026-02-11T18:59:35","modified_gmt":"2026-02-11T17:59:35","slug":"communiques-de-presse","status":"publish","type":"page","link":"https:\/\/www.siarva.com\/fr\/communiques-de-presse\/","title":{"rendered":"Communiqu\u00e9s de presse"},"content":{"rendered":"\t\t<div data-elementor-type=\"wp-page\" data-elementor-id=\"20657\" class=\"elementor elementor-20657 elementor-7848\" data-elementor-post-type=\"page\">\n\t\t\t\t<div class=\"has_eae_slider elementor-element elementor-element-1c269306 e-flex e-con-boxed e-con e-parent\" data-eae-slider=\"93907\" data-id=\"1c269306\" data-element_type=\"container\" data-e-type=\"container\" data-settings=\"{&quot;background_background&quot;:&quot;gradient&quot;,&quot;shape_divider_bottom&quot;:&quot;lqd-custom-shape-8&quot;}\">\n\t\t\t\t\t<div class=\"e-con-inner\">\n\t\t\t\t<div class=\"elementor-shape elementor-shape-bottom\" aria-hidden=\"true\" data-negative=\"false\">\n\t\t\t<svg class=\"lqd-custom-shape\" xmlns=\"http:\/\/www.w3.org\/2000\/svg\" viewBox=\"0 0 1440 100\" preserveAspectRatio=\"none\">\n    <path class=\"elementor-shape-fill\" id=\"Row_Separator\" data-name=\"Row Separator\" d=\"M1440,0Q1080,99,720,99T0,0V100H1440Z\" \/>\n<\/svg>\t\t<\/div>\n\t\t\t\t<div class=\"elementor-element elementor-element-17d264b0 elementor-widget elementor-widget-hub_fancy_heading\" data-id=\"17d264b0\" data-element_type=\"widget\" data-e-type=\"widget\" data-widget_type=\"hub_fancy_heading.default\">\n\t\t\t\t<div class=\"elementor-widget-container\">\n\t\t\t\t\t\n\t\t<div id=\"ld-fancy-heading-69e206e995e10\" class=\"ld-fancy-heading pos-rel\">\n\t\t\t<h1 class=\"ld-fh-element d-inline-block pos-rel  elementor-heading-title lqd-highlight-classic lqd-highlight-grow-left h1\"  > Communiqu\u00e9 de presse<\/h1>\t\t<\/div>\n\n\t\t\t\t\t\t<\/div>\n\t\t\t\t<\/div>\n\t\t\t\t<div class=\"elementor-element elementor-element-19dd3a22 elementor-widget elementor-widget-hub_fancy_heading\" data-id=\"19dd3a22\" data-element_type=\"widget\" data-e-type=\"widget\" data-widget_type=\"hub_fancy_heading.default\">\n\t\t\t\t<div class=\"elementor-widget-container\">\n\t\t\t\t\t\n\t\t<div id=\"ld-fancy-heading-69e206e996930\" class=\"ld-fancy-heading pos-rel\">\n\t\t\t<p class=\"ld-fh-element d-inline-block pos-rel  lqd-highlight-classic lqd-highlight-grow-left p\"  > Fa\u00e7onner l\u2019avenir de la culture horlog\u00e8re gr\u00e2ce \u00e0 un \u00e9cosyst\u00e8me num\u00e9rique dynamique<\/p>\t\t<\/div>\n\n\t\t\t\t\t\t<\/div>\n\t\t\t\t<\/div>\n\t\t\t\t\t<\/div>\n\t\t\t\t<\/div>\n\t\t\t\t<\/div>\n\t\t","protected":false},"excerpt":{"rendered":"<p>Communiqu\u00e9 de presse Fa\u00e7onner l\u2019avenir de la culture horlog\u00e8re gr\u00e2ce \u00e0 un \u00e9cosyst\u00e8me num\u00e9rique dynamique<\/p>\n","protected":false},"author":2,"featured_media":0,"parent":0,"menu_order":0,"comment_status":"closed","ping_status":"closed","template":"","meta":{"footnotes":""},"class_list":["post-20657","page","type-page","status-publish","hentry"],"_links":{"self":[{"href":"https:\/\/www.siarva.com\/fr\/wp-json\/wp\/v2\/pages\/20657","targetHints":{"allow":["GET"]}}],"collection":[{"href":"https:\/\/www.siarva.com\/fr\/wp-json\/wp\/v2\/pages"}],"about":[{"href":"https:\/\/www.siarva.com\/fr\/wp-json\/wp\/v2\/types\/page"}],"author":[{"embeddable":true,"href":"https:\/\/www.siarva.com\/fr\/wp-json\/wp\/v2\/users\/2"}],"replies":[{"embeddable":true,"href":"https:\/\/www.siarva.com\/fr\/wp-json\/wp\/v2\/comments?post=20657"}],"version-history":[{"count":1,"href":"https:\/\/www.siarva.com\/fr\/wp-json\/wp\/v2\/pages\/20657\/revisions"}],"predecessor-version":[{"id":20658,"href":"https:\/\/www.siarva.com\/fr\/wp-json\/wp\/v2\/pages\/20657\/revisions\/20658"}],"wp:attachment":[{"href":"https:\/\/www.siarva.com\/fr\/wp-json\/wp\/v2\/media?parent=20657"}],"curies":[{"name":"wp","href":"https:\/\/api.w.org\/{rel}","templated":true}]}}